{"id":681,"date":"2023-05-03T23:17:58","date_gmt":"2023-05-03T21:17:58","guid":{"rendered":"https:\/\/mineralospinos.com.gt\/minera-lospinos\/?page_id=681"},"modified":"2023-05-29T18:24:40","modified_gmt":"2023-05-29T16:24:40","slug":"los-embalses","status":"publish","type":"page","link":"https:\/\/mineralospinos.com.gt\/minera-lospinos\/nosotros\/los-embalses\/","title":{"rendered":"Los Embalses"},"content":{"rendered":"\t\t<div data-elementor-type=\"wp-page\" data-elementor-id=\"681\" class=\"elementor elementor-681\">\n\t\t\t\t\t\t\t\t\t<section class=\"elementor-section elementor-top-section elementor-element elementor-element-45c3f740 elementor-section-height-full elementor-section-boxed elementor-section-height-default elementor-section-items-middle elementor-invisible\" data-id=\"45c3f740\" data-element_type=\"section\" data-settings=\"{&quot;background_background&quot;:&quot;classic&quot;,&quot;background_motion_fx_motion_fx_mouse&quot;:&quot;yes&quot;,&quot;background_motion_fx_mouseTrack_effect&quot;:&quot;yes&quot;,&quot;background_motion_fx_mouseTrack_speed&quot;:{&quot;unit&quot;:&quot;px&quot;,&quot;size&quot;:0.3,&quot;sizes&quot;:[]},&quot;animation&quot;:&quot;fadeIn&quot;}\">\n\t\t\t\t\t\t\t<div class=\"elementor-background-overlay\"><\/div>\n\t\t\t\t\t\t\t<div class=\"elementor-container elementor-column-gap-default\">\n\t\t\t\t\t<div class=\"elementor-column elementor-col-100 elementor-top-column elementor-element elementor-element-1aaa815c\" data-id=\"1aaa815c\" data-element_type=\"column\">\n\t\t\t<div class=\"elementor-widget-wrap elementor-element-populated\">\n\t\t\t\t\t\t\t\t<div class=\"elementor-element elementor-element-4c1b5547 elementor-invisible elementor-widget elementor-widget-heading\" data-id=\"4c1b5547\" data-element_type=\"widget\" data-settings=\"{&quot;_animation&quot;:&quot;fadeInUp&quot;,&quot;_animation_tablet&quot;:&quot;fadeIn&quot;}\" data-widget_type=\"heading.default\">\n\t\t\t\t<div class=\"elementor-widget-container\">\n\t\t\t<style>\/*! elementor - v3.12.1 - 02-04-2023 *\/\n.elementor-heading-title{padding:0;margin:0;line-height:1}.elementor-widget-heading .elementor-heading-title[class*=elementor-size-]>a{color:inherit;font-size:inherit;line-height:inherit}.elementor-widget-heading .elementor-heading-title.elementor-size-small{font-size:15px}.elementor-widget-heading .elementor-heading-title.elementor-size-medium{font-size:19px}.elementor-widget-heading .elementor-heading-title.elementor-size-large{font-size:29px}.elementor-widget-heading .elementor-heading-title.elementor-size-xl{font-size:39px}.elementor-widget-heading .elementor-heading-title.elementor-size-xxl{font-size:59px}<\/style><h1 class=\"elementor-heading-title elementor-size-default\">Los Embalses<\/h1>\t\t<\/div>\n\t\t\t\t<\/div>\n\t\t\t\t\t<\/div>\n\t\t<\/div>\n\t\t\t\t\t\t\t<\/div>\n\t\t<\/section>\n\t\t\t\t<section class=\"elementor-section elementor-top-section elementor-element elementor-element-1f3d9d9d elementor-section-boxed elementor-section-height-default elementor-section-height-default\" data-id=\"1f3d9d9d\" data-element_type=\"section\" data-settings=\"{&quot;background_background&quot;:&quot;classic&quot;}\">\n\t\t\t\t\t\t<div class=\"elementor-container elementor-column-gap-default\">\n\t\t\t\t\t<div class=\"elementor-column elementor-col-100 elementor-top-column elementor-element elementor-element-2a53c427 elementor-invisible\" data-id=\"2a53c427\" data-element_type=\"column\" data-settings=\"{&quot;background_background&quot;:&quot;classic&quot;,&quot;animation&quot;:&quot;fadeInUp&quot;}\">\n\t\t\t<div class=\"elementor-widget-wrap elementor-element-populated\">\n\t\t\t\t\t\t\t\t<section class=\"elementor-section elementor-inner-section elementor-element elementor-element-275c049b elementor-section-boxed elementor-section-height-default elementor-section-height-default\" data-id=\"275c049b\" data-element_type=\"section\">\n\t\t\t\t\t\t<div class=\"elementor-container elementor-column-gap-default\">\n\t\t\t\t\t<div class=\"elementor-column elementor-col-50 elementor-inner-column elementor-element elementor-element-416e8b70\" data-id=\"416e8b70\" data-element_type=\"column\">\n\t\t\t<div class=\"elementor-widget-wrap elementor-element-populated\">\n\t\t\t\t\t\t\t\t<div class=\"elementor-element elementor-element-374aa107 elementor-invisible elementor-widget elementor-widget-heading\" data-id=\"374aa107\" data-element_type=\"widget\" data-settings=\"{&quot;_animation&quot;:&quot;fadeInUp&quot;,&quot;_animation_tablet&quot;:&quot;fadeIn&quot;}\" data-widget_type=\"heading.default\">\n\t\t\t\t<div class=\"elementor-widget-container\">\n\t\t\t<h3 class=\"elementor-heading-title elementor-size-default\">Un Modelo de Desarrollo Industrial<\/h3>\t\t<\/div>\n\t\t\t\t<\/div>\n\t\t\t\t<div class=\"elementor-element elementor-element-257fb6e0 elementor-invisible elementor-widget elementor-widget-text-editor\" data-id=\"257fb6e0\" data-element_type=\"widget\" data-settings=\"{&quot;_animation&quot;:&quot;fadeInUp&quot;,&quot;_animation_tablet&quot;:&quot;fadeIn&quot;}\" data-widget_type=\"text-editor.default\">\n\t\t\t\t<div class=\"elementor-widget-container\">\n\t\t\t<style>\/*! elementor - v3.12.1 - 02-04-2023 *\/\n.elementor-widget-text-editor.elementor-drop-cap-view-stacked .elementor-drop-cap{background-color:#69727d;color:#fff}.elementor-widget-text-editor.elementor-drop-cap-view-framed .elementor-drop-cap{color:#69727d;border:3px solid;background-color:transparent}.elementor-widget-text-editor:not(.elementor-drop-cap-view-default) .elementor-drop-cap{margin-top:8px}.elementor-widget-text-editor:not(.elementor-drop-cap-view-default) .elementor-drop-cap-letter{width:1em;height:1em}.elementor-widget-text-editor .elementor-drop-cap{float:left;text-align:center;line-height:1;font-size:50px}.elementor-widget-text-editor .elementor-drop-cap-letter{display:inline-block}<\/style>\t\t\t\t<p>Un modelo de desarrollo altamente competitivo, fundamentado en la integraci\u00f3n de componentes, actores y sectores. Enfocados en alcanzar el desarrollo sostenible, por medio del aprovechamiento de los recursos naturales renovables y no renovables, impulsando la innovaci\u00f3n, la generaci\u00f3n y diseminaci\u00f3n del conocimiento y dinamizando la econom\u00eda local.<\/p>\t\t\t\t\t\t<\/div>\n\t\t\t\t<\/div>\n\t\t\t\t<div class=\"elementor-element elementor-element-456c7ef elementor-invisible elementor-widget elementor-widget-heading\" data-id=\"456c7ef\" data-element_type=\"widget\" data-settings=\"{&quot;_animation&quot;:&quot;fadeInUp&quot;,&quot;_animation_tablet&quot;:&quot;fadeIn&quot;}\" data-widget_type=\"heading.default\">\n\t\t\t\t<div class=\"elementor-widget-container\">\n\t\t\t<h3 class=\"elementor-heading-title elementor-size-default\">Sostenibilidad y Creacion de Valor Econ\u00f3mico<\/h3>\t\t<\/div>\n\t\t\t\t<\/div>\n\t\t\t\t<div class=\"elementor-element elementor-element-ac5b9ee elementor-invisible elementor-widget elementor-widget-text-editor\" data-id=\"ac5b9ee\" data-element_type=\"widget\" data-settings=\"{&quot;_animation&quot;:&quot;fadeInUp&quot;,&quot;_animation_tablet&quot;:&quot;fadeIn&quot;}\" data-widget_type=\"text-editor.default\">\n\t\t\t\t<div class=\"elementor-widget-container\">\n\t\t\t\t\t\t\t<p>Finca Los Embalses se convirti\u00f3 a trav\u00e9s de los a\u00f1os en el principal impulsor de un modelo de desarrollo empresarial, que hace posible la interacci\u00f3n de actividades productivas, la generaci\u00f3n de informaci\u00f3n cient\u00edfica, la dinamizaci\u00f3n local y la protecci\u00f3n de los ecosistemas sensibles de la Reserva de la Biosfera Sierra de Las Minas RBSM<\/p>\t\t\t\t\t\t<\/div>\n\t\t\t\t<\/div>\n\t\t\t\t\t<\/div>\n\t\t<\/div>\n\t\t\t\t<div class=\"elementor-column elementor-col-50 elementor-inner-column elementor-element elementor-element-87bc3d2\" data-id=\"87bc3d2\" data-element_type=\"column\">\n\t\t\t<div class=\"elementor-widget-wrap elementor-element-populated\">\n\t\t\t\t\t\t\t\t<div class=\"elementor-element elementor-element-4a00f0a8 elementor-widget__width-initial elementor-invisible elementor-widget elementor-widget-heading\" data-id=\"4a00f0a8\" data-element_type=\"widget\" data-settings=\"{&quot;_animation&quot;:&quot;fadeInUp&quot;,&quot;_animation_tablet&quot;:&quot;fadeIn&quot;}\" data-widget_type=\"heading.default\">\n\t\t\t\t<div class=\"elementor-widget-container\">\n\t\t\t<h2 class=\"elementor-heading-title elementor-size-default\">Los Embalses<\/h2>\t\t<\/div>\n\t\t\t\t<\/div>\n\t\t\t\t<div class=\"elementor-element elementor-element-cc007e9 elementor-widget__width-initial elementor-invisible elementor-widget elementor-widget-image\" data-id=\"cc007e9\" data-element_type=\"widget\" data-settings=\"{&quot;_animation&quot;:&quot;fadeIn&quot;,&quot;_animation_delay&quot;:200}\" data-widget_type=\"image.default\">\n\t\t\t\t<div class=\"elementor-widget-container\">\n\t\t\t<style>\/*! elementor - v3.12.1 - 02-04-2023 *\/\n.elementor-widget-image{text-align:center}.elementor-widget-image a{display:inline-block}.elementor-widget-image a img[src$=\".svg\"]{width:48px}.elementor-widget-image img{vertical-align:middle;display:inline-block}<\/style>\t\t\t\t\t\t\t\t\t\t\t\t<img loading=\"lazy\" decoding=\"async\" width=\"803\" height=\"714\" src=\"https:\/\/mineralospinos.com.gt\/minera-lospinos\/wp-content\/uploads\/2023\/05\/Imagen1.png\" class=\"attachment-full size-full wp-image-852\" alt=\"\" srcset=\"https:\/\/mineralospinos.com.gt\/minera-lospinos\/wp-content\/uploads\/2023\/05\/Imagen1.png 803w, https:\/\/mineralospinos.com.gt\/minera-lospinos\/wp-content\/uploads\/2023\/05\/Imagen1-300x267.png 300w, https:\/\/mineralospinos.com.gt\/minera-lospinos\/wp-content\/uploads\/2023\/05\/Imagen1-768x683.png 768w, https:\/\/mineralospinos.com.gt\/minera-lospinos\/wp-content\/uploads\/2023\/05\/Imagen1-600x533.png 600w\" sizes=\"auto, (max-width: 803px) 100vw, 803px\" style=\"width:100%;height:88.92%;max-width:803px\" \/>\t\t\t\t\t\t\t\t\t\t\t\t\t\t\t<\/div>\n\t\t\t\t<\/div>\n\t\t\t\t\t<\/div>\n\t\t<\/div>\n\t\t\t\t\t\t\t<\/div>\n\t\t<\/section>\n\t\t\t\t\t<\/div>\n\t\t<\/div>\n\t\t\t\t\t\t\t<\/div>\n\t\t<\/section>\n\t\t\t\t<section class=\"elementor-section elementor-top-section elementor-element elementor-element-2b626b6d elementor-section-boxed elementor-section-height-default elementor-section-height-default\" data-id=\"2b626b6d\" data-element_type=\"section\" data-settings=\"{&quot;background_background&quot;:&quot;classic&quot;}\">\n\t\t\t\t\t\t<div class=\"elementor-container elementor-column-gap-default\">\n\t\t\t\t\t<div class=\"elementor-column elementor-col-25 elementor-top-column elementor-element elementor-element-31f2221f\" data-id=\"31f2221f\" data-element_type=\"column\">\n\t\t\t<div class=\"elementor-widget-wrap elementor-element-populated\">\n\t\t\t\t\t\t\t\t<div class=\"elementor-element elementor-element-266efe87 elementor-invisible elementor-widget elementor-widget-image\" data-id=\"266efe87\" data-element_type=\"widget\" data-settings=\"{&quot;_animation&quot;:&quot;fadeIn&quot;}\" data-widget_type=\"image.default\">\n\t\t\t\t<div class=\"elementor-widget-container\">\n\t\t\t\t\t\t\t\t\t\t\t\t\t\t\t\t<a href=\"https:\/\/mineralospinos.com.gt\/minera-lospinos\/wp-content\/uploads\/2023\/05\/IMG_9634-1-scaled.jpg\" data-elementor-open-lightbox=\"yes\" data-elementor-lightbox-title=\"IMG_9634\" data-e-action-hash=\"#elementor-action%3Aaction%3Dlightbox%26settings%3DeyJpZCI6MTI4MCwidXJsIjoiaHR0cHM6XC9cL21pbmVyYWxvc3Bpbm9zLmNvbS5ndFwvbWluZXJhLWxvc3Bpbm9zXC93cC1jb250ZW50XC91cGxvYWRzXC8yMDIzXC8wNVwvSU1HXzk2MzQtMS1zY2FsZWQuanBnIn0%3D\">\n\t\t\t\t\t\t\t<img decoding=\"async\" src=\"https:\/\/mineralospinos.com.gt\/minera-lospinos\/wp-content\/uploads\/elementor\/thumbs\/IMG_9634-1-scaled-q69v4z33yq6e81zksc0qpl8qvpiw7ngf8pjp9kigm4.jpg\" title=\"IMG_9634\" alt=\"IMG_9634\" class=\"elementor-animation-float\" loading=\"lazy\" \/>\t\t\t\t\t\t\t\t<\/a>\n\t\t\t\t\t\t\t\t\t\t\t\t\t\t\t<\/div>\n\t\t\t\t<\/div>\n\t\t\t\t\t<\/div>\n\t\t<\/div>\n\t\t\t\t<div class=\"elementor-column elementor-col-25 elementor-top-column elementor-element elementor-element-e622aeb\" data-id=\"e622aeb\" data-element_type=\"column\">\n\t\t\t<div class=\"elementor-widget-wrap elementor-element-populated\">\n\t\t\t\t\t\t\t\t<div class=\"elementor-element elementor-element-69d25ef0 elementor-invisible elementor-widget elementor-widget-image\" data-id=\"69d25ef0\" data-element_type=\"widget\" data-settings=\"{&quot;_animation&quot;:&quot;fadeIn&quot;}\" data-widget_type=\"image.default\">\n\t\t\t\t<div class=\"elementor-widget-container\">\n\t\t\t\t\t\t\t\t\t\t\t\t\t\t\t\t<a href=\"https:\/\/mineralospinos.com.gt\/minera-lospinos\/wp-content\/uploads\/2023\/05\/IMG_9627-scaled.jpg\" data-elementor-open-lightbox=\"yes\" data-elementor-lightbox-title=\"IMG_9627\" data-e-action-hash=\"#elementor-action%3Aaction%3Dlightbox%26settings%3DeyJpZCI6MTI3OSwidXJsIjoiaHR0cHM6XC9cL21pbmVyYWxvc3Bpbm9zLmNvbS5ndFwvbWluZXJhLWxvc3Bpbm9zXC93cC1jb250ZW50XC91cGxvYWRzXC8yMDIzXC8wNVwvSU1HXzk2Mjctc2NhbGVkLmpwZyJ9\">\n\t\t\t\t\t\t\t<img decoding=\"async\" src=\"https:\/\/mineralospinos.com.gt\/minera-lospinos\/wp-content\/uploads\/elementor\/thumbs\/IMG_9627-scaled-q69v3ruj8cj7dzqdstbwiw5jjzg0dkorqrjd6uakkc.jpg\" title=\"IMG_9627\" alt=\"IMG_9627\" class=\"elementor-animation-float\" loading=\"lazy\" \/>\t\t\t\t\t\t\t\t<\/a>\n\t\t\t\t\t\t\t\t\t\t\t\t\t\t\t<\/div>\n\t\t\t\t<\/div>\n\t\t\t\t\t<\/div>\n\t\t<\/div>\n\t\t\t\t<div class=\"elementor-column elementor-col-25 elementor-top-column elementor-element elementor-element-153bd334\" data-id=\"153bd334\" data-element_type=\"column\">\n\t\t\t<div class=\"elementor-widget-wrap elementor-element-populated\">\n\t\t\t\t\t\t\t\t<div class=\"elementor-element elementor-element-eb5f83f elementor-invisible elementor-widget elementor-widget-image\" data-id=\"eb5f83f\" data-element_type=\"widget\" data-settings=\"{&quot;_animation&quot;:&quot;fadeIn&quot;}\" data-widget_type=\"image.default\">\n\t\t\t\t<div class=\"elementor-widget-container\">\n\t\t\t\t\t\t\t\t\t\t\t\t\t\t\t\t<a href=\"https:\/\/mineralospinos.com.gt\/minera-lospinos\/wp-content\/uploads\/2023\/05\/IMG_9515-scaled.jpg\" data-elementor-open-lightbox=\"yes\" data-elementor-lightbox-title=\"IMG_9515\" data-e-action-hash=\"#elementor-action%3Aaction%3Dlightbox%26settings%3DeyJpZCI6MTI3OCwidXJsIjoiaHR0cHM6XC9cL21pbmVyYWxvc3Bpbm9zLmNvbS5ndFwvbWluZXJhLWxvc3Bpbm9zXC93cC1jb250ZW50XC91cGxvYWRzXC8yMDIzXC8wNVwvSU1HXzk1MTUtc2NhbGVkLmpwZyJ9\">\n\t\t\t\t\t\t\t<img decoding=\"async\" src=\"https:\/\/mineralospinos.com.gt\/minera-lospinos\/wp-content\/uploads\/elementor\/thumbs\/IMG_9515-scaled-q69v2r6ttt50t77mqvhgbnekdygp1dn8lq3fh1sxb0.jpg\" title=\"IMG_9515\" alt=\"IMG_9515\" class=\"elementor-animation-float\" loading=\"lazy\" \/>\t\t\t\t\t\t\t\t<\/a>\n\t\t\t\t\t\t\t\t\t\t\t\t\t\t\t<\/div>\n\t\t\t\t<\/div>\n\t\t\t\t\t<\/div>\n\t\t<\/div>\n\t\t\t\t<div class=\"elementor-column elementor-col-25 elementor-top-column elementor-element elementor-element-fd05b58\" data-id=\"fd05b58\" data-element_type=\"column\">\n\t\t\t<div class=\"elementor-widget-wrap elementor-element-populated\">\n\t\t\t\t\t\t\t\t<div class=\"elementor-element elementor-element-1afdb2e0 elementor-invisible elementor-widget elementor-widget-image\" data-id=\"1afdb2e0\" data-element_type=\"widget\" data-settings=\"{&quot;_animation&quot;:&quot;fadeIn&quot;}\" data-widget_type=\"image.default\">\n\t\t\t\t<div class=\"elementor-widget-container\">\n\t\t\t\t\t\t\t\t\t\t\t\t\t\t\t\t<a href=\"https:\/\/mineralospinos.com.gt\/minera-lospinos\/wp-content\/uploads\/2023\/05\/IMG_9509-scaled.jpg\" data-elementor-open-lightbox=\"yes\" data-elementor-lightbox-title=\"IMG_9509\" data-e-action-hash=\"#elementor-action%3Aaction%3Dlightbox%26settings%3DeyJpZCI6MTI3NywidXJsIjoiaHR0cHM6XC9cL21pbmVyYWxvc3Bpbm9zLmNvbS5ndFwvbWluZXJhLWxvc3Bpbm9zXC93cC1jb250ZW50XC91cGxvYWRzXC8yMDIzXC8wNVwvSU1HXzk1MDktc2NhbGVkLmpwZyJ9\">\n\t\t\t\t\t\t\t<img decoding=\"async\" src=\"https:\/\/mineralospinos.com.gt\/minera-lospinos\/wp-content\/uploads\/elementor\/thumbs\/IMG_9509-scaled-q69v1ong1lo9l6rlzwtqzf4o15qn9se8sfcispe2e4.jpg\" title=\"IMG_9509\" alt=\"IMG_9509\" class=\"elementor-animation-float\" loading=\"lazy\" \/>\t\t\t\t\t\t\t\t<\/a>\n\t\t\t\t\t\t\t\t\t\t\t\t\t\t\t<\/div>\n\t\t\t\t<\/div>\n\t\t\t\t\t<\/div>\n\t\t<\/div>\n\t\t\t\t\t\t\t<\/div>\n\t\t<\/section>\n\t\t\t\t<section class=\"elementor-section elementor-top-section elementor-element elementor-element-68373e74 elementor-section-boxed elementor-section-height-default elementor-section-height-default\" data-id=\"68373e74\" data-element_type=\"section\" data-settings=\"{&quot;background_background&quot;:&quot;classic&quot;}\">\n\t\t\t\t\t\t<div class=\"elementor-container elementor-column-gap-default\">\n\t\t\t\t\t<div class=\"elementor-column elementor-col-100 elementor-top-column elementor-element elementor-element-04d3a80\" data-id=\"04d3a80\" data-element_type=\"column\">\n\t\t\t<div class=\"elementor-widget-wrap\">\n\t\t\t\t\t\t\t\t\t<\/div>\n\t\t<\/div>\n\t\t\t\t\t\t\t<\/div>\n\t\t<\/section>\n\t\t\t\t\t\t\t<\/div>\n\t\t","protected":false},"excerpt":{"rendered":"<p>Los Embalses Un Modelo de Desarrollo Industrial Un modelo de desarrollo altamente competitivo, fundamentado en la integraci\u00f3n de componentes, actores y sectores. Enfocados en alcanzar el desarrollo sostenible, por medio del aprovechamiento de los recursos naturales renovables y no renovables, impulsando la innovaci\u00f3n, la generaci\u00f3n y diseminaci\u00f3n del conocimiento y dinamizando la econom\u00eda local. Sostenibilidad&hellip; <a class=\"more-link\" href=\"https:\/\/mineralospinos.com.gt\/minera-lospinos\/nosotros\/los-embalses\/\">Continue reading <span class=\"screen-reader-text\">Los Embalses<\/span><\/a><\/p>\n","protected":false},"author":1,"featured_media":0,"parent":677,"menu_order":0,"comment_status":"closed","ping_status":"closed","template":"elementor_header_footer","meta":{"footnotes":""},"class_list":["post-681","page","type-page","status-publish","hentry","entry"],"_links":{"self":[{"href":"https:\/\/mineralospinos.com.gt\/minera-lospinos\/wp-json\/wp\/v2\/pages\/681","targetHints":{"allow":["GET"]}}],"collection":[{"href":"https:\/\/mineralospinos.com.gt\/minera-lospinos\/wp-json\/wp\/v2\/pages"}],"about":[{"href":"https:\/\/mineralospinos.com.gt\/minera-lospinos\/wp-json\/wp\/v2\/types\/page"}],"author":[{"embeddable":true,"href":"https:\/\/mineralospinos.com.gt\/minera-lospinos\/wp-json\/wp\/v2\/users\/1"}],"replies":[{"embeddable":true,"href":"https:\/\/mineralospinos.com.gt\/minera-lospinos\/wp-json\/wp\/v2\/comments?post=681"}],"version-history":[{"count":19,"href":"https:\/\/mineralospinos.com.gt\/minera-lospinos\/wp-json\/wp\/v2\/pages\/681\/revisions"}],"predecessor-version":[{"id":1705,"href":"https:\/\/mineralospinos.com.gt\/minera-lospinos\/wp-json\/wp\/v2\/pages\/681\/revisions\/1705"}],"up":[{"embeddable":true,"href":"https:\/\/mineralospinos.com.gt\/minera-lospinos\/wp-json\/wp\/v2\/pages\/677"}],"wp:attachment":[{"href":"https:\/\/mineralospinos.com.gt\/minera-lospinos\/wp-json\/wp\/v2\/media?parent=681"}],"curies":[{"name":"wp","href":"https:\/\/api.w.org\/{rel}","templated":true}]}}