{"id":699,"date":"2023-05-03T23:21:06","date_gmt":"2023-05-03T21:21:06","guid":{"rendered":"https:\/\/mineralospinos.com.gt\/minera-lospinos\/?page_id=699"},"modified":"2023-05-29T18:23:48","modified_gmt":"2023-05-29T16:23:48","slug":"sostenibilidad","status":"publish","type":"page","link":"https:\/\/mineralospinos.com.gt\/minera-lospinos\/sostenibilidad\/","title":{"rendered":"Sostenibilidad"},"content":{"rendered":"\t\t<div data-elementor-type=\"wp-page\" data-elementor-id=\"699\" class=\"elementor elementor-699\">\n\t\t\t\t\t\t\t\t\t<section class=\"elementor-section elementor-top-section elementor-element elementor-element-17218cbb elementor-section-boxed elementor-section-height-default elementor-section-height-default elementor-invisible\" data-id=\"17218cbb\" data-element_type=\"section\" data-settings=\"{&quot;background_background&quot;:&quot;classic&quot;,&quot;background_motion_fx_motion_fx_scrolling&quot;:&quot;yes&quot;,&quot;background_motion_fx_scale_effect&quot;:&quot;yes&quot;,&quot;background_motion_fx_scale_speed&quot;:{&quot;unit&quot;:&quot;px&quot;,&quot;size&quot;:1.5,&quot;sizes&quot;:[]},&quot;animation&quot;:&quot;fadeIn&quot;,&quot;background_motion_fx_scale_direction&quot;:&quot;out-in&quot;,&quot;background_motion_fx_scale_range&quot;:{&quot;unit&quot;:&quot;%&quot;,&quot;size&quot;:&quot;&quot;,&quot;sizes&quot;:{&quot;start&quot;:20,&quot;end&quot;:80}},&quot;background_motion_fx_devices&quot;:[&quot;desktop&quot;,&quot;tablet&quot;,&quot;mobile&quot;]}\">\n\t\t\t\t\t\t\t<div class=\"elementor-background-overlay\"><\/div>\n\t\t\t\t\t\t\t<div class=\"elementor-container elementor-column-gap-default\">\n\t\t\t\t\t<div class=\"elementor-column elementor-col-100 elementor-top-column elementor-element elementor-element-1d39cf32\" data-id=\"1d39cf32\" data-element_type=\"column\">\n\t\t\t<div class=\"elementor-widget-wrap elementor-element-populated\">\n\t\t\t\t\t\t\t\t<div class=\"elementor-element elementor-element-2b7c61d4 elementor-invisible elementor-widget elementor-widget-heading\" data-id=\"2b7c61d4\" data-element_type=\"widget\" data-settings=\"{&quot;_animation&quot;:&quot;fadeInDown&quot;,&quot;_animation_tablet&quot;:&quot;fadeIn&quot;}\" data-widget_type=\"heading.default\">\n\t\t\t\t<div class=\"elementor-widget-container\">\n\t\t\t<style>\/*! elementor - v3.12.1 - 02-04-2023 *\/\n.elementor-heading-title{padding:0;margin:0;line-height:1}.elementor-widget-heading .elementor-heading-title[class*=elementor-size-]>a{color:inherit;font-size:inherit;line-height:inherit}.elementor-widget-heading .elementor-heading-title.elementor-size-small{font-size:15px}.elementor-widget-heading .elementor-heading-title.elementor-size-medium{font-size:19px}.elementor-widget-heading .elementor-heading-title.elementor-size-large{font-size:29px}.elementor-widget-heading .elementor-heading-title.elementor-size-xl{font-size:39px}.elementor-widget-heading .elementor-heading-title.elementor-size-xxl{font-size:59px}<\/style><h1 class=\"elementor-heading-title elementor-size-default\">Sostenibilidad<\/h1>\t\t<\/div>\n\t\t\t\t<\/div>\n\t\t\t\t\t<\/div>\n\t\t<\/div>\n\t\t\t\t\t\t\t<\/div>\n\t\t<\/section>\n\t\t\t\t<section class=\"elementor-section elementor-top-section elementor-element elementor-element-77b735e4 elementor-section-full_width elementor-section-height-default elementor-section-height-default\" data-id=\"77b735e4\" data-element_type=\"section\" data-settings=\"{&quot;background_motion_fx_devices&quot;:[&quot;desktop&quot;]}\">\n\t\t\t\t\t\t<div class=\"elementor-container elementor-column-gap-default\">\n\t\t\t\t\t<div class=\"elementor-column elementor-col-100 elementor-top-column elementor-element elementor-element-167f6355\" data-id=\"167f6355\" data-element_type=\"column\">\n\t\t\t<div class=\"elementor-widget-wrap elementor-element-populated\">\n\t\t\t\t\t\t\t\t<section class=\"elementor-section elementor-inner-section elementor-element elementor-element-11e12a0c elementor-section-boxed elementor-section-height-default elementor-section-height-default elementor-invisible\" data-id=\"11e12a0c\" data-element_type=\"section\" data-settings=\"{&quot;animation&quot;:&quot;fadeInUp&quot;,&quot;animation_mobile&quot;:&quot;fadeIn&quot;,&quot;animation_delay&quot;:200}\">\n\t\t\t\t\t\t<div class=\"elementor-container elementor-column-gap-default\">\n\t\t\t\t\t<div class=\"elementor-column elementor-col-50 elementor-inner-column elementor-element elementor-element-1a979904\" data-id=\"1a979904\" data-element_type=\"column\" data-settings=\"{&quot;background_background&quot;:&quot;classic&quot;}\">\n\t\t\t<div class=\"elementor-widget-wrap elementor-element-populated\">\n\t\t\t\t\t\t\t\t<div class=\"elementor-element elementor-element-34d64979 elementor-invisible elementor-widget elementor-widget-heading\" data-id=\"34d64979\" data-element_type=\"widget\" data-settings=\"{&quot;_animation&quot;:&quot;fadeInUp&quot;,&quot;_animation_tablet&quot;:&quot;fadeIn&quot;}\" data-widget_type=\"heading.default\">\n\t\t\t\t<div class=\"elementor-widget-container\">\n\t\t\t<h2 class=\"elementor-heading-title elementor-size-default\">Objetivo de Desarrollo Sostenible de Las Naciones Unidas<\/h2>\t\t<\/div>\n\t\t\t\t<\/div>\n\t\t\t\t<div class=\"elementor-element elementor-element-4d366c5a elementor-invisible elementor-widget elementor-widget-image\" data-id=\"4d366c5a\" data-element_type=\"widget\" data-settings=\"{&quot;_animation&quot;:&quot;fadeInUp&quot;,&quot;_animation_tablet&quot;:&quot;fadeIn&quot;}\" data-widget_type=\"image.default\">\n\t\t\t\t<div class=\"elementor-widget-container\">\n\t\t\t<style>\/*! elementor - v3.12.1 - 02-04-2023 *\/\n.elementor-widget-image{text-align:center}.elementor-widget-image a{display:inline-block}.elementor-widget-image a img[src$=\".svg\"]{width:48px}.elementor-widget-image img{vertical-align:middle;display:inline-block}<\/style>\t\t\t\t\t\t\t\t\t\t\t\t<img loading=\"lazy\" decoding=\"async\" width=\"531\" height=\"451\" src=\"https:\/\/mineralospinos.com.gt\/minera-lospinos\/wp-content\/uploads\/2023\/05\/Imagen1-2.png\" class=\"attachment-full size-full wp-image-1300\" alt=\"\" srcset=\"https:\/\/mineralospinos.com.gt\/minera-lospinos\/wp-content\/uploads\/2023\/05\/Imagen1-2.png 531w, https:\/\/mineralospinos.com.gt\/minera-lospinos\/wp-content\/uploads\/2023\/05\/Imagen1-2-300x255.png 300w\" sizes=\"auto, (max-width: 531px) 100vw, 531px\" style=\"width:100%;height:84.93%;max-width:531px\" \/>\t\t\t\t\t\t\t\t\t\t\t\t\t\t\t<\/div>\n\t\t\t\t<\/div>\n\t\t\t\t\t<\/div>\n\t\t<\/div>\n\t\t\t\t<div class=\"elementor-column elementor-col-50 elementor-inner-column elementor-element elementor-element-77b876f0\" data-id=\"77b876f0\" data-element_type=\"column\" data-settings=\"{&quot;background_background&quot;:&quot;classic&quot;}\">\n\t\t\t<div class=\"elementor-widget-wrap elementor-element-populated\">\n\t\t\t\t\t\t\t\t<div class=\"elementor-element elementor-element-cd6fef8 elementor-invisible elementor-widget elementor-widget-image\" data-id=\"cd6fef8\" data-element_type=\"widget\" data-settings=\"{&quot;_animation&quot;:&quot;fadeInUp&quot;}\" data-widget_type=\"image.default\">\n\t\t\t\t<div class=\"elementor-widget-container\">\n\t\t\t\t\t\t\t\t\t\t\t\t\t\t\t<img decoding=\"async\" src=\"https:\/\/mineralospinos.com.gt\/minera-lospinos\/wp-content\/uploads\/elementor\/thumbs\/LOGO_FINCA_LOS_EMBALSES_EN_ALTA_page-0001-removebg-preview-q6erxvbxde2wrrz2fxcftbzhgtfon2lyid96dp9tjk.png\" title=\"LOGO_FINCA_LOS_EMBALSES_EN_ALTA_page-0001-removebg-preview\" alt=\"LOGO_FINCA_LOS_EMBALSES_EN_ALTA_page-0001-removebg-preview\" loading=\"lazy\" \/>\t\t\t\t\t\t\t\t\t\t\t\t\t\t\t<\/div>\n\t\t\t\t<\/div>\n\t\t\t\t<div class=\"elementor-element elementor-element-6e3b6529 elementor-invisible elementor-widget elementor-widget-text-editor\" data-id=\"6e3b6529\" data-element_type=\"widget\" data-settings=\"{&quot;_animation&quot;:&quot;fadeInUp&quot;,&quot;_animation_tablet&quot;:&quot;fadeIn&quot;}\" data-widget_type=\"text-editor.default\">\n\t\t\t\t<div class=\"elementor-widget-container\">\n\t\t\t<style>\/*! elementor - v3.12.1 - 02-04-2023 *\/\n.elementor-widget-text-editor.elementor-drop-cap-view-stacked .elementor-drop-cap{background-color:#69727d;color:#fff}.elementor-widget-text-editor.elementor-drop-cap-view-framed .elementor-drop-cap{color:#69727d;border:3px solid;background-color:transparent}.elementor-widget-text-editor:not(.elementor-drop-cap-view-default) .elementor-drop-cap{margin-top:8px}.elementor-widget-text-editor:not(.elementor-drop-cap-view-default) .elementor-drop-cap-letter{width:1em;height:1em}.elementor-widget-text-editor .elementor-drop-cap{float:left;text-align:center;line-height:1;font-size:50px}.elementor-widget-text-editor .elementor-drop-cap-letter{display:inline-block}<\/style>\t\t\t\t<p>Una estructura altamente competitiva, enfocada en el desarrollo y evoluci\u00f3n de la Visi\u00f3n estrat\u00e9gica de Finca Los Embalses. Conformada por un equipo multidisciplinario que funge como brazo orientador de la gesti\u00f3n estrat\u00e9gica\u00a0 y operativa.<\/p>\t\t\t\t\t\t<\/div>\n\t\t\t\t<\/div>\n\t\t\t\t<div class=\"elementor-element elementor-element-15280c63 elementor-invisible elementor-widget elementor-widget-text-editor\" data-id=\"15280c63\" data-element_type=\"widget\" data-settings=\"{&quot;_animation&quot;:&quot;fadeInUp&quot;,&quot;_animation_tablet&quot;:&quot;fadeIn&quot;}\" data-widget_type=\"text-editor.default\">\n\t\t\t\t<div class=\"elementor-widget-container\">\n\t\t\t\t\t\t\t<p>Nuestro modelo de Desarrollo industrial apoyara las metas de los ODS para reducir la pobreza alcanzando la inclusividad, implementando la creaci\u00f3n de esquemas sostenibles que impulsan una mejora en la econom\u00eda local y la Descentralizaci\u00f3n del pa\u00eds, trayendo como consecuencia acciones que se enmarcan en la lucha contra la pobreza, la desnutrici\u00f3n y la mejora en la educaci\u00f3n, fortaleciendo aspectos como:<\/p><p>\u00a0<\/p><ul><li>La identidad Nacional<\/li><li>Proporcionando el resguardo del patrimonio nacional<\/li><li>Aportando a las acciones estrat\u00e9gicas para reducir la migraci\u00f3n internacional motivada por la falta de oportunidades para construir proyectos de vida individuales y colectivos<\/li><\/ul>\t\t\t\t\t\t<\/div>\n\t\t\t\t<\/div>\n\t\t\t\t\t<\/div>\n\t\t<\/div>\n\t\t\t\t\t\t\t<\/div>\n\t\t<\/section>\n\t\t\t\t\t<\/div>\n\t\t<\/div>\n\t\t\t\t\t\t\t<\/div>\n\t\t<\/section>\n\t\t\t\t<section class=\"elementor-section elementor-top-section elementor-element elementor-element-2900aa62 elementor-section-boxed elementor-section-height-default elementor-section-height-default\" data-id=\"2900aa62\" data-element_type=\"section\" data-settings=\"{&quot;background_background&quot;:&quot;classic&quot;}\">\n\t\t\t\t\t\t<div class=\"elementor-container elementor-column-gap-default\">\n\t\t\t\t\t<div class=\"elementor-column elementor-col-100 elementor-top-column elementor-element elementor-element-cf9a46e\" data-id=\"cf9a46e\" data-element_type=\"column\">\n\t\t\t<div class=\"elementor-widget-wrap elementor-element-populated\">\n\t\t\t\t\t\t\t\t<div class=\"elementor-element elementor-element-2ff08c8 elementor-invisible elementor-widget elementor-widget-heading\" data-id=\"2ff08c8\" data-element_type=\"widget\" data-settings=\"{&quot;_animation&quot;:&quot;fadeInUp&quot;,&quot;_animation_tablet&quot;:&quot;fadeIn&quot;}\" data-widget_type=\"heading.default\">\n\t\t\t\t<div class=\"elementor-widget-container\">\n\t\t\t<h2 class=\"elementor-heading-title elementor-size-default\">Reportes de Sostenibilidad<\/h2>\t\t<\/div>\n\t\t\t\t<\/div>\n\t\t\t\t<section class=\"elementor-section elementor-inner-section elementor-element elementor-element-4687b58d elementor-section-boxed elementor-section-height-default elementor-section-height-default\" data-id=\"4687b58d\" data-element_type=\"section\">\n\t\t\t\t\t\t<div class=\"elementor-container elementor-column-gap-default\">\n\t\t\t\t\t<div class=\"elementor-column elementor-col-33 elementor-inner-column elementor-element elementor-element-46b93e8d\" data-id=\"46b93e8d\" data-element_type=\"column\">\n\t\t\t<div class=\"elementor-widget-wrap elementor-element-populated\">\n\t\t\t\t\t\t\t\t<div class=\"elementor-element elementor-element-cd8fd85 elementor-widget elementor-widget-pdf_viewer\" data-id=\"cd8fd85\" data-element_type=\"widget\" data-widget_type=\"pdf_viewer.default\">\n\t\t\t\t<div class=\"elementor-widget-container\">\n\t\t\t<iframe src=\"https:\/\/docs.google.com\/viewer?url=https:\/\/mineralospinos.com.gt\/minera-lospinos\/wp-content\/uploads\/2023\/05\/Informe-Exploracion-biologica-Los-Embalses-2020-1_compressed-comprimido.pdf&amp;embedded=true\" style=\"display: block; margin-left: auto; margin-right: auto; width: 625px; height: 500px;\" frameborder=\"1\" marginheight=\"0px\" marginwidth=\"0px\" allowfullscreen><\/iframe>\t\t<\/div>\n\t\t\t\t<\/div>\n\t\t\t\t\t<\/div>\n\t\t<\/div>\n\t\t\t\t<div class=\"elementor-column elementor-col-33 elementor-inner-column elementor-element elementor-element-2b0a1a1b\" data-id=\"2b0a1a1b\" data-element_type=\"column\">\n\t\t\t<div class=\"elementor-widget-wrap elementor-element-populated\">\n\t\t\t\t\t\t\t\t<div class=\"elementor-element elementor-element-c40a381 elementor-widget elementor-widget-pdf_viewer\" data-id=\"c40a381\" data-element_type=\"widget\" data-widget_type=\"pdf_viewer.default\">\n\t\t\t\t<div class=\"elementor-widget-container\">\n\t\t\t<iframe src=\"https:\/\/docs.google.com\/viewer?url=https:\/\/mineralospinos.com.gt\/minera-lospinos\/wp-content\/uploads\/2023\/05\/2022-Reporte-de-Sostenibilidad-2_compressed.pdf&amp;embedded=true\" style=\"display: block; margin-left: auto; margin-right: auto; width: 625px; height: 500px;\" frameborder=\"1\" marginheight=\"0px\" marginwidth=\"0px\" allowfullscreen><\/iframe>\t\t<\/div>\n\t\t\t\t<\/div>\n\t\t\t\t\t<\/div>\n\t\t<\/div>\n\t\t\t\t<div class=\"elementor-column elementor-col-33 elementor-inner-column elementor-element elementor-element-38120c9c\" data-id=\"38120c9c\" data-element_type=\"column\">\n\t\t\t<div class=\"elementor-widget-wrap elementor-element-populated\">\n\t\t\t\t\t\t\t\t<div class=\"elementor-element elementor-element-49c2e5a elementor-widget elementor-widget-pdf_viewer\" data-id=\"49c2e5a\" data-element_type=\"widget\" data-widget_type=\"pdf_viewer.default\">\n\t\t\t\t<div class=\"elementor-widget-container\">\n\t\t\t<iframe src=\"https:\/\/docs.google.com\/viewer?url=https:\/\/mineralospinos.com.gt\/minera-lospinos\/wp-content\/uploads\/2023\/05\/10-Anos-Los-Embalses-3_compressed.pdf&amp;embedded=true\" style=\"display: block; margin-left: auto; margin-right: auto; width: 625px; height: 500px;\" frameborder=\"1\" marginheight=\"0px\" marginwidth=\"0px\" allowfullscreen><\/iframe>\t\t<\/div>\n\t\t\t\t<\/div>\n\t\t\t\t\t<\/div>\n\t\t<\/div>\n\t\t\t\t\t\t\t<\/div>\n\t\t<\/section>\n\t\t\t\t\t<\/div>\n\t\t<\/div>\n\t\t\t\t\t\t\t<\/div>\n\t\t<\/section>\n\t\t\t\t\t\t\t<\/div>\n\t\t","protected":false},"excerpt":{"rendered":"<p>Sostenibilidad Objetivo de Desarrollo Sostenible de Las Naciones Unidas Una estructura altamente competitiva, enfocada en el desarrollo y evoluci\u00f3n de la Visi\u00f3n estrat\u00e9gica de Finca Los Embalses. Conformada por un equipo multidisciplinario que funge como brazo orientador de la gesti\u00f3n estrat\u00e9gica\u00a0 y operativa. Nuestro modelo de Desarrollo industrial apoyara las metas de los ODS para&hellip; <a class=\"more-link\" href=\"https:\/\/mineralospinos.com.gt\/minera-lospinos\/sostenibilidad\/\">Continue reading <span class=\"screen-reader-text\">Sostenibilidad<\/span><\/a><\/p>\n","protected":false},"author":1,"featured_media":0,"parent":0,"menu_order":0,"comment_status":"closed","ping_status":"closed","template":"elementor_header_footer","meta":{"footnotes":""},"class_list":["post-699","page","type-page","status-publish","hentry","entry"],"_links":{"self":[{"href":"https:\/\/mineralospinos.com.gt\/minera-lospinos\/wp-json\/wp\/v2\/pages\/699","targetHints":{"allow":["GET"]}}],"collection":[{"href":"https:\/\/mineralospinos.com.gt\/minera-lospinos\/wp-json\/wp\/v2\/pages"}],"about":[{"href":"https:\/\/mineralospinos.com.gt\/minera-lospinos\/wp-json\/wp\/v2\/types\/page"}],"author":[{"embeddable":true,"href":"https:\/\/mineralospinos.com.gt\/minera-lospinos\/wp-json\/wp\/v2\/users\/1"}],"replies":[{"embeddable":true,"href":"https:\/\/mineralospinos.com.gt\/minera-lospinos\/wp-json\/wp\/v2\/comments?post=699"}],"version-history":[{"count":79,"href":"https:\/\/mineralospinos.com.gt\/minera-lospinos\/wp-json\/wp\/v2\/pages\/699\/revisions"}],"predecessor-version":[{"id":1702,"href":"https:\/\/mineralospinos.com.gt\/minera-lospinos\/wp-json\/wp\/v2\/pages\/699\/revisions\/1702"}],"wp:attachment":[{"href":"https:\/\/mineralospinos.com.gt\/minera-lospinos\/wp-json\/wp\/v2\/media?parent=699"}],"curies":[{"name":"wp","href":"https:\/\/api.w.org\/{rel}","templated":true}]}}